{"id":1525,"date":"2013-01-30T09:28:08","date_gmt":"2013-01-30T09:28:08","guid":{"rendered":"http:\/\/demo.jawtemplates.com\/flyingnews\/wp\/?page_id=2"},"modified":"2020-11-02T09:20:57","modified_gmt":"2020-11-02T07:20:57","slug":"sample-page-2","status":"publish","type":"page","link":"https:\/\/www.slovaklinesmagazin.sk\/cms\/sample-page-2\/","title":{"rendered":"Kontakt Inzercia Storno podmienky"},"content":{"rendered":"<p>IN DRIVE MAGAZ\u00cdN SLOVAK LINES &#8211; cestovanie, osobnosti, umenie, gastron\u00f3mia, \u017eivotn\u00fd \u0161t\u00fdl, technol\u00f3gie&#8230;.<\/p>\n<p><strong>Vydavate\u013e<\/strong><\/p>\n<p>Viktor Cicko &#8211; Victor &amp; Victor<\/p>\n<p>Sib\u00edrska 25 83102 Bratislava<\/p>\n<p><a href=\"mailto:vydavatelstvo@slovaklinesmagazin.sk\" target=\"_blank\" rel=\"noopener noreferrer\">vydavatelstvo@slovaklinesmagazin.sk<\/a><\/p>\n<p><strong>Obchodn\u00e1 riadite\u013eka:<\/strong><\/p>\n<p>PhDr. Veronika Cickov\u00e1<br \/>\n<a href=\"mailto:vydavatelstvo@slovaklinesmagazin.sk\" target=\"_blank\" rel=\"noopener noreferrer\">vydavatelstvo@slovaklinesmagazin.sk<\/a><\/p>\n<p><strong>S\u00eddlo a po\u0161tov\u00e1 adresa<\/strong><\/p>\n<p>Sib\u00edrska 25, 83102 Bratislava, Slovensk\u00e1 republika.<\/p>\n<p><strong>\/ISSN\/<\/strong> 1339-1526, \/EV 4573\/12.<\/p>\n<p><strong>Distrib\u00facia<\/strong><\/p>\n<p>spolo\u010dnos\u0165 Slovak Lines, a.s.<\/p>\n<p><strong>Produkcia<\/strong><\/p>\n<p>ad one, s.r.o., Legion\u00e1rska 23, 83104 Bratislava<\/p>\n<p><strong>Redakcia<\/strong><\/p>\n<p><em id=\"__mceDel\"><em id=\"__mceDel\">Mgr. Petra Ha\u0161ov\u00e1 &#8211; \u0161\u00e9fredaktorka<br \/>\n<\/em><\/em><em id=\"__mceDel\"><em id=\"__mceDel\"><em id=\"__mceDel\"><em id=\"__mceDel\">Erik Str\u00ed\u017e, Pavol Priadka, Michal Van\u011bk, Marek L\u00ed\u0161ka &#8211; redaktori<\/em><\/em><\/em><\/em><\/p>\n<p><em id=\"__mceDel\"> <strong>Marketing\/inzercia<br \/>\n<\/strong>Mgr. Dana \u0160rob\u00e1rov\u00e1 \/0944309955\/<br \/>\n<a href=\"mailto:vydavatelstvo@slovaklinesmagazin.sk\" target=\"_blank\" rel=\"noopener noreferrer\">vydavatelstvo@slovaklinesmagazin.sk<\/a><\/em><\/p>\n<p><strong>Stornovacie podmienky v r\u00e1mci str\u00e1nkovej inzercie<\/strong><br \/>\nStornovacie podmienky sa riadia pr\u00e1ve platn\u00fdm cenn\u00edkom. Inzerciu je mo\u017en\u00e9 stornova\u0165 len<br \/>\nna z\u00e1klade p\u00edsomnej \u017eiadosti a po dohovore s pracovn\u00edkmi inzertnej kancel\u00e1rie. V pr\u00edpade<br \/>\nzru\u0161enia objedn\u00e1vky po term\u00edne uz\u00e1vierky bude objedn\u00e1vate\u013eovi fakturovan\u00e1 pln\u00e1 cena<br \/>\ninzer\u00e1tu tak, ako keby bol uverejnen\u00fd. Pln\u00e1 cena inzer\u00e1tu bude tie\u017e \u00fa\u010dtovan\u00e1 v pr\u00edpade<br \/>\nvyradenia objednan\u00e9ho inzer\u00e1tu z tla\u010de z d\u00f4vodu nedodania inzertn\u00fdch<br \/>\npodkladov klientom v term\u00edne pod\u013ea pr\u00e1ve platn\u00e9ho cenn\u00edka inzercie, pr\u00edpadne<br \/>\nv n\u00e1hradnom term\u00edne, p\u00edsomne stanovenom pracovn\u00edkom inzercie.<\/p>\n<p>&nbsp;<\/p>\n","protected":false},"excerpt":{"rendered":"<p>IN DRIVE MAGAZ\u00cdN SLOVAK LINES &#8211; cestovanie, osobnosti, umenie, gastron\u00f3mia, \u017eivotn\u00fd \u0161t\u00fdl, technol\u00f3gie&#8230;. Vydavate\u013e Viktor Cicko &#8211; Victor &amp; Victor Sib\u00edrska 25 83102 Bratislava vydavatelstvo@slovaklinesmagazin.sk Obchodn\u00e1 riadite\u013eka: PhDr. Veronika Cickov\u00e1 vydavatelstvo@slovaklinesmagazin.sk S\u00eddlo a po\u0161tov\u00e1 adresa Sib\u00edrska 25, 83102 Bratislava, Slovensk\u00e1 republika. \/ISSN\/ 1339-1526, \/EV 4573\/12. Distrib\u00facia spolo\u010dnos\u0165 Slovak Lines, a.s. Produkcia ad one, s.r.o., Legion\u00e1rska [&hellip;]<\/p>\n","protected":false},"author":7,"featured_media":0,"parent":0,"menu_order":0,"comment_status":"open","ping_status":"open","template":"","meta":{"footnotes":""},"class_list":["post-1525","page","type-page","status-publish","hentry","eq-blocks"],"_links":{"self":[{"href":"https:\/\/www.slovaklinesmagazin.sk\/cms\/wp-json\/wp\/v2\/pages\/1525","targetHints":{"allow":["GET"]}}],"collection":[{"href":"https:\/\/www.slovaklinesmagazin.sk\/cms\/wp-json\/wp\/v2\/pages"}],"about":[{"href":"https:\/\/www.slovaklinesmagazin.sk\/cms\/wp-json\/wp\/v2\/types\/page"}],"author":[{"embeddable":true,"href":"https:\/\/www.slovaklinesmagazin.sk\/cms\/wp-json\/wp\/v2\/users\/7"}],"replies":[{"embeddable":true,"href":"https:\/\/www.slovaklinesmagazin.sk\/cms\/wp-json\/wp\/v2\/comments?post=1525"}],"version-history":[{"count":13,"href":"https:\/\/www.slovaklinesmagazin.sk\/cms\/wp-json\/wp\/v2\/pages\/1525\/revisions"}],"predecessor-version":[{"id":86636,"href":"https:\/\/www.slovaklinesmagazin.sk\/cms\/wp-json\/wp\/v2\/pages\/1525\/revisions\/86636"}],"wp:attachment":[{"href":"https:\/\/www.slovaklinesmagazin.sk\/cms\/wp-json\/wp\/v2\/media?parent=1525"}],"curies":[{"name":"wp","href":"https:\/\/api.w.org\/{rel}","templated":true}]}}