{"id":88031,"date":"2021-05-31T08:30:54","date_gmt":"2021-05-31T06:30:54","guid":{"rendered":"https:\/\/slovaklinesmagazin.sk\/cms\/?page_id=88031"},"modified":"2021-05-31T08:37:24","modified_gmt":"2021-05-31T06:37:24","slug":"pravidla-sutaze","status":"publish","type":"page","link":"https:\/\/www.slovaklinesmagazin.sk\/cms\/pravidla-sutaze\/","title":{"rendered":"Pravidl\u00e1 s\u00fa\u0165a\u017ee"},"content":{"rendered":"<p>&nbsp;<\/p>\n<ul>\n<li>Organiz\u00e1torom s\u00fa\u0165a\u017ee je SLOVAK LINES MAGAZ\u00cdN, zast\u00fapen\u00fd vydavate\u013eom.<\/li>\n<li>Cenou v s\u00fa\u0165a\u017ei s\u00fa 1x ak\u010dn\u00e1 kamera <strong>NICEBOY VEGA X PLAY<\/strong> v hodnote 57\u20ac a 2\u00d7 128GB pam\u00e4\u0165ov\u00e1 karta <strong>Canvas GO! Plus micoSDXC<\/strong> v hodnote 26,90\u20ac (kus).<\/li>\n<li>Do s\u00fa\u0165a\u017ee sa m\u00f4\u017eu zapoji\u0165 v\u0161etci star\u0161\u00ed ako 15 rokov, s v\u00fdnimkou zamestnancov a ich rodinn\u00fdch pr\u00edslu\u0161n\u00edkov.<\/li>\n<li>Ka\u017ed\u00fd \u00fa\u010dastn\u00edk s\u00fa\u0165a\u017ee sa m\u00f4\u017ee do s\u00fa\u0165a\u017ee zapoji\u0165 iba jedenkr\u00e1t. Platn\u00fd a zaraden\u00fd do \u017erebovania o hlavn\u00fa a ved\u013eaj\u0161ie v\u00fdhry je ka\u017ed\u00fd hlas so spr\u00e1vnou odpove\u010fou na s\u00fa\u0165a\u017en\u00e9 ot\u00e1zky 1 a\u017e 3. V pr\u00edpade viacn\u00e1sobn\u00e9ho zapojenia sa do s\u00fa\u0165a\u017ee rovnak\u00e9ho \u00fa\u010dastn\u00edka s\u00fa\u0165a\u017ee z r\u00f4znych e-mailov\u00fdch adries, bude uznan\u00e1 len prv\u00e1 odpove\u010f na s\u00fa\u0165a\u017en\u00e9 ot\u00e1zky.<\/li>\n<li>\u00da\u010das\u0165 v s\u00fa\u0165a\u017ei je bezplatn\u00e1. Organiz\u00e1tor s\u00fa\u0165a\u017ee neru\u010d\u00ed za spr\u00e1vne doru\u010denie s\u00fa\u0165a\u017en\u00fdch spr\u00e1v s odpove\u010fou a vyhradzuje si pr\u00e1vo v sporn\u00fdch pr\u00edpadoch rozhodova\u0165 s kone\u010dnou platnos\u0165ou pod\u013ea vlastn\u00e9ho uv\u00e1\u017eenia.<\/li>\n<li>S\u00fa\u0165a\u017e za\u010d\u00edna 30. 5. 2021 a s\u00fa\u0165a\u017en\u00fd email mus\u00ed by\u0165 vyplnen\u00fd najnesk\u00f4r do 30. 6. 2021 do 24:00 hod. \u017drebovanie sa uskuto\u010dn\u00ed 01. 07. 2021. V\u00fdhercu s\u00fa\u0165a\u017ee budeme kontaktova\u0165 e-mailom a z\u00e1rove\u0148 jeho meno uverejn\u00edme na str\u00e1nkach magaz\u00ednu alebo na soci\u00e1lnych sie\u0165ach.<\/li>\n<li>V pr\u00edpade, ak si do 31. 7. 2021 v\u00fdherca neprevezme v\u00fdhern\u00fa cenu, prepadne t\u00e1to v prospech organiz\u00e1tora s\u00fa\u0165a\u017ee.<\/li>\n<li>Cena nie je vym\u00e1hate\u013en\u00e1 s\u00fadnou cestou a nie je mo\u017en\u00e9 uplat\u0148ova\u0165 n\u00e1hradn\u00e9 plnenie. \u00da\u010das\u0165ou v s\u00fa\u0165a\u017ei ka\u017ed\u00fd \u00fa\u010dastn\u00edk s\u00fahlas\u00ed s jej pravidlami.<\/li>\n<li>\u00dadaje dotknut\u00fdch os\u00f4b v s\u00fa\u0165a\u017ei s\u00fa z\u00edskavan\u00e9 a spracov\u00e1van\u00e9 v zmysle z\u00e1kona \u010d. 18\/2018 Z. z. o ochrane osobn\u00fdch \u00fadajov a o zmene a doplnen\u00ed niektor\u00fdch z\u00e1konov a v s\u00falade s po\u017eiadavkami Nariadenia Eur\u00f3pskeho parlamentu a Rady (E\u00da) \u010d. 2016\/679 zo d\u0148a 27. apr\u00edla 2016 o ochrane fyzick\u00fdch os\u00f4b pri sprac\u00favan\u00ed osobn\u00fdch \u00fadajov a o vo\u013enom pohybe tak\u00fdchto \u00fadajov, ktor\u00fdm sa ru\u0161\u00ed smernica 95\/46\/ES (v\u0161eobecn\u00e9 nariadenia o ochrane \u00fadajov).<\/li>\n<li>\u00da\u010delom sprac\u00favania osobn\u00fdch \u00fadajov, a to konkr\u00e9tne meno, priezvisko a e-mail dotknut\u00fdch os\u00f4b zapojen\u00fdch do s\u00fa\u0165a\u017ee je zapojenie sa do s\u00fa\u0165a\u017ee na str\u00e1nke <a href=\"https:\/\/slovaklinesmagazin.sk\/\">https:\/\/slovaklinesmagazin.sk\/<\/a>.<\/li>\n<li>Pr\u00e1vnym z\u00e1kladom sprac\u00favania osobn\u00fdch \u00fadajov dotknutej osoby je samostatn\u00fd s\u00fahlas, kde \u00fa\u010dastn\u00edk s\u00fa\u0165a\u017ee odoslan\u00edm svojej odpovede automaticky \u201e S\u00fahlas\u00ed so spracovan\u00edm osobn\u00fdch \u00fadajov pod\u013ea z\u00e1kona \u010d. 18\/2018 Z. z. o ochrane osobn\u00fdch \u00fadajov a o zmene a doplnen\u00ed niektor\u00fdch z\u00e1konov a s pravidlami s\u00fa\u0165a\u017ee\u201c dobrovo\u013ene poskytuje svoj s\u00fahlas so z\u00edskavan\u00edm svojich osobn\u00fdch \u00fadajov v rozsahu meno, priezvisko, mesto, e-mail.<\/li>\n<li>Prev\u00e1dzkovate\u013e osobn\u00e9 \u00fadaje dotknut\u00fdch os\u00f4b nebude nijak\u00fdm sp\u00f4sobom spr\u00edstup\u0148ova\u0165 \u017eiadnym tret\u00edm stran\u00e1m. Prev\u00e1dzkovate\u013e osobn\u00e9 \u00fadaje dotknut\u00fdch os\u00f4b zverej\u0148uje iba v s\u00favislosti s vyhodnoten\u00edm s\u00fa\u0165a\u017ee, ke\u010f zverejn\u00ed na svojej webovej str\u00e1nke osobn\u00e9 \u00fadaje v\u00fdhercu(cov) v rozsahu meno, priezvisko a mesto.<\/li>\n<li>Prev\u00e1dzkovate\u013e osobn\u00e9 \u00fadaje nebude pren\u00e1\u0161a\u0165 do tret\u00edch kraj\u00edn. Prev\u00e1dzkovate\u013e zabezpe\u010duje, aby zhroma\u017eden\u00e9 osobn\u00e9 \u00fadaje boli sprac\u00favan\u00e9 vo forme umo\u017e\u0148uj\u00facej identifik\u00e1ciu dotknut\u00fdch os\u00f4b po\u010das doby nie dlh\u0161ej, ako je nevyhnutn\u00e9 na dosiahnutie \u00fa\u010delu sprac\u00favania. Po z\u00e1niku s\u00fahlasu dotknutej osoby alebo splnen\u00ed \u00fa\u010delu sprac\u00favania osobn\u00fdch \u00fadajov bud\u00fa osobn\u00e9 \u00fadaje dotknut\u00fdch os\u00f4b a dokumenty obsahuj\u00face osobn\u00e9 \u00fadaje zlikvidovan\u00e9.<\/li>\n<li>Dotknut\u00e1 osoba m\u00e1 v s\u00favislosti so zabezpe\u010den\u00edm spravodliv\u00e9ho a transparentn\u00e9ho sprac\u00favania osobn\u00fdch \u00fadajov pr\u00e1vo po\u017eadova\u0165 od Prev\u00e1dzkovate\u013ea pr\u00edstup k svojim osobn\u00fdm \u00fadajom, ich opravu alebo vymazanie, obmedzenie sprac\u00favania, pr\u00e1vo vznies\u0165 n\u00e1mietku proti spracovaniu, ako aj pr\u00e1vo poda\u0165 s\u0165a\u017enos\u0165 dozorn\u00e9mu org\u00e1nu, ktor\u00fdm je \u00darad na ochranu osobn\u00fdch \u00fadajov. V pr\u00edpade ak\u00fdchko\u013evek po\u017eiadaviek t\u00fdkaj\u00facich sa sprac\u00favania va\u0161ich osobn\u00fdch \u00fadajov sa m\u00f4\u017eete obr\u00e1ti\u0165 na e-mailov\u00fa adresu: <a href=\"mailto:vydavatelstvo@slovaklinesmagazin.sk\">vydavatelstvo@slovaklinesmagazin.sk<\/a><\/li>\n<li>Organiz\u00e1tor s\u00fa\u0165a\u017ee si vyhradzuje pr\u00e1vo na skr\u00e1tenie, pred\u013a\u017eenie alebo preru\u0161enie s\u00fa\u0165a\u017ee alebo jej zru\u0161enie v pr\u00edpade n\u00edzkej \u00fa\u010dasti, ako aj na zmenu pravidiel s\u00fa\u0165a\u017ee. Ak\u00fako\u013evek zmenu pravidiel s\u00fa\u0165a\u017ee alebo jej zru\u0161enie Organiz\u00e1tor ozn\u00e1mi na svojej web str\u00e1nke.<\/li>\n<\/ul>\n","protected":false},"excerpt":{"rendered":"<p>&nbsp; Organiz\u00e1torom s\u00fa\u0165a\u017ee je SLOVAK LINES MAGAZ\u00cdN, zast\u00fapen\u00fd vydavate\u013eom. Cenou v s\u00fa\u0165a\u017ei s\u00fa 1x ak\u010dn\u00e1 kamera NICEBOY VEGA X PLAY v hodnote 57\u20ac a 2\u00d7 128GB pam\u00e4\u0165ov\u00e1 karta Canvas GO! Plus micoSDXC v hodnote 26,90\u20ac (kus). Do s\u00fa\u0165a\u017ee sa m\u00f4\u017eu zapoji\u0165 v\u0161etci star\u0161\u00ed ako 15 rokov, s v\u00fdnimkou zamestnancov a ich rodinn\u00fdch pr\u00edslu\u0161n\u00edkov. Ka\u017ed\u00fd \u00fa\u010dastn\u00edk [&hellip;]<\/p>\n","protected":false},"author":8,"featured_media":88034,"parent":0,"menu_order":0,"comment_status":"closed","ping_status":"closed","template":"","meta":{"footnotes":""},"class_list":["post-88031","page","type-page","status-publish","has-post-thumbnail","hentry","eq-blocks"],"_links":{"self":[{"href":"https:\/\/www.slovaklinesmagazin.sk\/cms\/wp-json\/wp\/v2\/pages\/88031","targetHints":{"allow":["GET"]}}],"collection":[{"href":"https:\/\/www.slovaklinesmagazin.sk\/cms\/wp-json\/wp\/v2\/pages"}],"about":[{"href":"https:\/\/www.slovaklinesmagazin.sk\/cms\/wp-json\/wp\/v2\/types\/page"}],"author":[{"embeddable":true,"href":"https:\/\/www.slovaklinesmagazin.sk\/cms\/wp-json\/wp\/v2\/users\/8"}],"replies":[{"embeddable":true,"href":"https:\/\/www.slovaklinesmagazin.sk\/cms\/wp-json\/wp\/v2\/comments?post=88031"}],"version-history":[{"count":6,"href":"https:\/\/www.slovaklinesmagazin.sk\/cms\/wp-json\/wp\/v2\/pages\/88031\/revisions"}],"predecessor-version":[{"id":88062,"href":"https:\/\/www.slovaklinesmagazin.sk\/cms\/wp-json\/wp\/v2\/pages\/88031\/revisions\/88062"}],"wp:featuredmedia":[{"embeddable":true,"href":"https:\/\/www.slovaklinesmagazin.sk\/cms\/wp-json\/wp\/v2\/media\/88034"}],"wp:attachment":[{"href":"https:\/\/www.slovaklinesmagazin.sk\/cms\/wp-json\/wp\/v2\/media?parent=88031"}],"curies":[{"name":"wp","href":"https:\/\/api.w.org\/{rel}","templated":true}]}}